{"id":509,"date":"2020-07-09T10:10:53","date_gmt":"2020-07-09T08:10:53","guid":{"rendered":"https:\/\/www.mueller-ferndorf.de\/?page_id=509"},"modified":"2020-09-25T11:18:36","modified_gmt":"2020-09-25T09:18:36","slug":"gas-kugelgrill","status":"publish","type":"page","link":"https:\/\/www.mueller-ferndorf.de\/index.php\/rezepte\/gas-kugelgrill\/","title":{"rendered":"Gas \/ Kugelgrill"},"content":{"rendered":"<div class=\"subpagelist\"><div class=\"row\"><div class=\"medium-12 columns\"><article id=\"post-512\" class=\"post-512 page type-page status-publish has-post-thumbnail hentry subpagelist_item\"><header class=\"entry-header\"><h1 class=\"entry-title\"><a href=\"https:\/\/www.mueller-ferndorf.de\/index.php\/rezepte\/gas-kugelgrill\/stoer-vom-grill\/\" rel=\"bookmark\">St\u00f6r vom Grill<\/a><\/h1><\/header><div class=\"entry-content\"><a href=\"https:\/\/www.mueller-ferndorf.de\/index.php\/rezepte\/gas-kugelgrill\/stoer-vom-grill\/\"><img loading=\"lazy\" decoding=\"async\" width=\"300\" height=\"225\" src=\"https:\/\/i0.wp.com\/www.mueller-ferndorf.de\/wp-content\/uploads\/2020\/07\/european-sturgeon-53976_1920.jpg?fit=300%2C225&amp;ssl=1\" class=\"alignright wp-post-image\" alt=\"\" srcset=\"https:\/\/i0.wp.com\/www.mueller-ferndorf.de\/wp-content\/uploads\/2020\/07\/european-sturgeon-53976_1920.jpg?w=1920&amp;ssl=1 1920w, https:\/\/i0.wp.com\/www.mueller-ferndorf.de\/wp-content\/uploads\/2020\/07\/european-sturgeon-53976_1920.jpg?resize=300%2C225&amp;ssl=1 300w, https:\/\/i0.wp.com\/www.mueller-ferndorf.de\/wp-content\/uploads\/2020\/07\/european-sturgeon-53976_1920.jpg?resize=1024%2C768&amp;ssl=1 1024w, https:\/\/i0.wp.com\/www.mueller-ferndorf.de\/wp-content\/uploads\/2020\/07\/european-sturgeon-53976_1920.jpg?resize=768%2C576&amp;ssl=1 768w, https:\/\/i0.wp.com\/www.mueller-ferndorf.de\/wp-content\/uploads\/2020\/07\/european-sturgeon-53976_1920.jpg?resize=1536%2C1152&amp;ssl=1 1536w, https:\/\/i0.wp.com\/www.mueller-ferndorf.de\/wp-content\/uploads\/2020\/07\/european-sturgeon-53976_1920.jpg?resize=500%2C375&amp;ssl=1 500w, https:\/\/i0.wp.com\/www.mueller-ferndorf.de\/wp-content\/uploads\/2020\/07\/european-sturgeon-53976_1920.jpg?resize=360%2C270&amp;ssl=1 360w, https:\/\/i0.wp.com\/www.mueller-ferndorf.de\/wp-content\/uploads\/2020\/07\/european-sturgeon-53976_1920.jpg?w=1280&amp;ssl=1 1280w\" sizes=\"auto, (max-width: 300px) 100vw, 300px\" data-attachment-id=\"513\" data-permalink=\"https:\/\/www.mueller-ferndorf.de\/index.php\/rezepte\/gas-kugelgrill\/stoer-vom-grill\/european-sturgeon-53976_1920\/\" data-orig-file=\"https:\/\/i0.wp.com\/www.mueller-ferndorf.de\/wp-content\/uploads\/2020\/07\/european-sturgeon-53976_1920.jpg?fit=1920%2C1440&amp;ssl=1\" data-orig-size=\"1920,1440\" data-comments-opened=\"1\" data-image-meta=\"{&quot;aperture&quot;:&quot;0&quot;,&quot;credit&quot;:&quot;&quot;,&quot;camera&quot;:&quot;&quot;,&quot;caption&quot;:&quot;&quot;,&quot;created_timestamp&quot;:&quot;0&quot;,&quot;copyright&quot;:&quot;&quot;,&quot;focal_length&quot;:&quot;0&quot;,&quot;iso&quot;:&quot;0&quot;,&quot;shutter_speed&quot;:&quot;0&quot;,&quot;title&quot;:&quot;&quot;,&quot;orientation&quot;:&quot;0&quot;}\" data-image-title=\"european-sturgeon-53976_1920\" data-image-description=\"\" data-image-caption=\"\" data-medium-file=\"https:\/\/i0.wp.com\/www.mueller-ferndorf.de\/wp-content\/uploads\/2020\/07\/european-sturgeon-53976_1920.jpg?fit=300%2C225&amp;ssl=1\" data-large-file=\"https:\/\/i0.wp.com\/www.mueller-ferndorf.de\/wp-content\/uploads\/2020\/07\/european-sturgeon-53976_1920.jpg?fit=640%2C480&amp;ssl=1\" \/><\/a><p>Geben Sie einen Liter Wasser in einen Topf und f\u00fcgen Sie Knoblauch, Pfeffer, Salz, Peperoni und Lorbeerbl\u00e4tter dazu. Lassen Sie alles kurz aufkochen und anschlie\u00dfend bei geringer Hitze eine viertel Stunde ziehen. Die St\u00f6rscheiben braten Sie auf jeder Seite f\u00fcr ein bis zwei Minuten auf dem Grill an und legen sie anschlie\u00dfend in eine Auflaufform. Geben Sie nun den Gew\u00fcrzsud dar\u00fcber und lassen alles \u00fcber dem Flammsieb f\u00fcr eine viertel Stunde kochen. Nachdem der Fisch gar ist, garnieren Sie ihn&#8230;<\/p>\n<p class=\"read-more\"><a class=\"btn btn-default\" href=\"https:\/\/www.mueller-ferndorf.de\/index.php\/rezepte\/gas-kugelgrill\/stoer-vom-grill\/\">Weiterlesen<span class=\"screen-reader-text\"> Weiterlesen<\/span><\/a><\/p>\n<p><a href=\"https:\/\/www.mueller-ferndorf.de\/index.php\/rezepte\/gas-kugelgrill\/stoer-vom-grill\/\" rel=\"bookmark\" class=\"more-link\">Rezept \u00f6ffnen<\/a><\/p><\/div><\/article><\/div><\/div><\/div>\n","protected":false},"excerpt":{"rendered":"","protected":false},"author":1,"featured_media":0,"parent":284,"menu_order":0,"comment_status":"closed","ping_status":"closed","template":"","meta":{"wprm-recipe-roundup-name":"","wprm-recipe-roundup-description":"","jetpack_post_was_ever_published":false,"footnotes":""},"class_list":["post-509","page","type-page","status-publish","hentry"],"yoast_head":"<!-- This site is optimized with the Yoast SEO plugin v27.3 - https:\/\/yoast.com\/product\/yoast-seo-wordpress\/ -->\n<title>Gas \/ Kugelgrill - M\u00fcllers Blog<\/title>\n<meta name=\"robots\" content=\"noindex, follow\" \/>\n<meta property=\"og:locale\" content=\"de_DE\" \/>\n<meta property=\"og:type\" content=\"article\" \/>\n<meta property=\"og:title\" content=\"Gas \/ Kugelgrill - M\u00fcllers Blog\" \/>\n<meta property=\"og:url\" content=\"https:\/\/www.mueller-ferndorf.de\/index.php\/rezepte\/gas-kugelgrill\/\" \/>\n<meta property=\"og:site_name\" content=\"M\u00fcllers Blog\" \/>\n<meta property=\"article:modified_time\" content=\"2020-09-25T09:18:36+00:00\" \/>\n<meta name=\"twitter:card\" content=\"summary_large_image\" \/>\n<script type=\"application\/ld+json\" class=\"yoast-schema-graph\">{\"@context\":\"https:\\\/\\\/schema.org\",\"@graph\":[{\"@type\":\"WebPage\",\"@id\":\"https:\\\/\\\/www.mueller-ferndorf.de\\\/index.php\\\/rezepte\\\/gas-kugelgrill\\\/\",\"url\":\"https:\\\/\\\/www.mueller-ferndorf.de\\\/index.php\\\/rezepte\\\/gas-kugelgrill\\\/\",\"name\":\"Gas \\\/ Kugelgrill - M\u00fcllers Blog\",\"isPartOf\":{\"@id\":\"https:\\\/\\\/www.mueller-ferndorf.de\\\/#website\"},\"datePublished\":\"2020-07-09T08:10:53+00:00\",\"dateModified\":\"2020-09-25T09:18:36+00:00\",\"breadcrumb\":{\"@id\":\"https:\\\/\\\/www.mueller-ferndorf.de\\\/index.php\\\/rezepte\\\/gas-kugelgrill\\\/#breadcrumb\"},\"inLanguage\":\"de\",\"potentialAction\":[{\"@type\":\"ReadAction\",\"target\":[\"https:\\\/\\\/www.mueller-ferndorf.de\\\/index.php\\\/rezepte\\\/gas-kugelgrill\\\/\"]}]},{\"@type\":\"BreadcrumbList\",\"@id\":\"https:\\\/\\\/www.mueller-ferndorf.de\\\/index.php\\\/rezepte\\\/gas-kugelgrill\\\/#breadcrumb\",\"itemListElement\":[{\"@type\":\"ListItem\",\"position\":1,\"name\":\"Home\",\"item\":\"https:\\\/\\\/www.mueller-ferndorf.de\\\/\"},{\"@type\":\"ListItem\",\"position\":2,\"name\":\"Rezepte\",\"item\":\"https:\\\/\\\/www.mueller-ferndorf.de\\\/index.php\\\/rezepte\\\/\"},{\"@type\":\"ListItem\",\"position\":3,\"name\":\"Gas \\\/ Kugelgrill\"}]},{\"@type\":\"WebSite\",\"@id\":\"https:\\\/\\\/www.mueller-ferndorf.de\\\/#website\",\"url\":\"https:\\\/\\\/www.mueller-ferndorf.de\\\/\",\"name\":\"M\u00fcllers Blog\",\"description\":\"Geschichten aus dem Leben\",\"publisher\":{\"@id\":\"https:\\\/\\\/www.mueller-ferndorf.de\\\/#\\\/schema\\\/person\\\/cfb002fca135b8b1026bc50221c031f9\"},\"potentialAction\":[{\"@type\":\"SearchAction\",\"target\":{\"@type\":\"EntryPoint\",\"urlTemplate\":\"https:\\\/\\\/www.mueller-ferndorf.de\\\/?s={search_term_string}\"},\"query-input\":{\"@type\":\"PropertyValueSpecification\",\"valueRequired\":true,\"valueName\":\"search_term_string\"}}],\"inLanguage\":\"de\"},{\"@type\":[\"Person\",\"Organization\"],\"@id\":\"https:\\\/\\\/www.mueller-ferndorf.de\\\/#\\\/schema\\\/person\\\/cfb002fca135b8b1026bc50221c031f9\",\"name\":\"J\u00f6rn\",\"image\":{\"@type\":\"ImageObject\",\"inLanguage\":\"de\",\"@id\":\"https:\\\/\\\/secure.gravatar.com\\\/avatar\\\/1c321c0d55415d8ac6dd8b342f9dad4c59133aa59188eda3e1c7f465db671a1d?s=96&d=mm&r=g\",\"url\":\"https:\\\/\\\/secure.gravatar.com\\\/avatar\\\/1c321c0d55415d8ac6dd8b342f9dad4c59133aa59188eda3e1c7f465db671a1d?s=96&d=mm&r=g\",\"contentUrl\":\"https:\\\/\\\/secure.gravatar.com\\\/avatar\\\/1c321c0d55415d8ac6dd8b342f9dad4c59133aa59188eda3e1c7f465db671a1d?s=96&d=mm&r=g\",\"caption\":\"J\u00f6rn\"},\"logo\":{\"@id\":\"https:\\\/\\\/secure.gravatar.com\\\/avatar\\\/1c321c0d55415d8ac6dd8b342f9dad4c59133aa59188eda3e1c7f465db671a1d?s=96&d=mm&r=g\"}}]}<\/script>\n<!-- \/ Yoast SEO plugin. -->","yoast_head_json":{"title":"Gas \/ Kugelgrill - M\u00fcllers Blog","robots":{"index":"noindex","follow":"follow"},"og_locale":"de_DE","og_type":"article","og_title":"Gas \/ Kugelgrill - M\u00fcllers Blog","og_url":"https:\/\/www.mueller-ferndorf.de\/index.php\/rezepte\/gas-kugelgrill\/","og_site_name":"M\u00fcllers Blog","article_modified_time":"2020-09-25T09:18:36+00:00","twitter_card":"summary_large_image","schema":{"@context":"https:\/\/schema.org","@graph":[{"@type":"WebPage","@id":"https:\/\/www.mueller-ferndorf.de\/index.php\/rezepte\/gas-kugelgrill\/","url":"https:\/\/www.mueller-ferndorf.de\/index.php\/rezepte\/gas-kugelgrill\/","name":"Gas \/ Kugelgrill - M\u00fcllers Blog","isPartOf":{"@id":"https:\/\/www.mueller-ferndorf.de\/#website"},"datePublished":"2020-07-09T08:10:53+00:00","dateModified":"2020-09-25T09:18:36+00:00","breadcrumb":{"@id":"https:\/\/www.mueller-ferndorf.de\/index.php\/rezepte\/gas-kugelgrill\/#breadcrumb"},"inLanguage":"de","potentialAction":[{"@type":"ReadAction","target":["https:\/\/www.mueller-ferndorf.de\/index.php\/rezepte\/gas-kugelgrill\/"]}]},{"@type":"BreadcrumbList","@id":"https:\/\/www.mueller-ferndorf.de\/index.php\/rezepte\/gas-kugelgrill\/#breadcrumb","itemListElement":[{"@type":"ListItem","position":1,"name":"Home","item":"https:\/\/www.mueller-ferndorf.de\/"},{"@type":"ListItem","position":2,"name":"Rezepte","item":"https:\/\/www.mueller-ferndorf.de\/index.php\/rezepte\/"},{"@type":"ListItem","position":3,"name":"Gas \/ Kugelgrill"}]},{"@type":"WebSite","@id":"https:\/\/www.mueller-ferndorf.de\/#website","url":"https:\/\/www.mueller-ferndorf.de\/","name":"M\u00fcllers Blog","description":"Geschichten aus dem Leben","publisher":{"@id":"https:\/\/www.mueller-ferndorf.de\/#\/schema\/person\/cfb002fca135b8b1026bc50221c031f9"},"potentialAction":[{"@type":"SearchAction","target":{"@type":"EntryPoint","urlTemplate":"https:\/\/www.mueller-ferndorf.de\/?s={search_term_string}"},"query-input":{"@type":"PropertyValueSpecification","valueRequired":true,"valueName":"search_term_string"}}],"inLanguage":"de"},{"@type":["Person","Organization"],"@id":"https:\/\/www.mueller-ferndorf.de\/#\/schema\/person\/cfb002fca135b8b1026bc50221c031f9","name":"J\u00f6rn","image":{"@type":"ImageObject","inLanguage":"de","@id":"https:\/\/secure.gravatar.com\/avatar\/1c321c0d55415d8ac6dd8b342f9dad4c59133aa59188eda3e1c7f465db671a1d?s=96&d=mm&r=g","url":"https:\/\/secure.gravatar.com\/avatar\/1c321c0d55415d8ac6dd8b342f9dad4c59133aa59188eda3e1c7f465db671a1d?s=96&d=mm&r=g","contentUrl":"https:\/\/secure.gravatar.com\/avatar\/1c321c0d55415d8ac6dd8b342f9dad4c59133aa59188eda3e1c7f465db671a1d?s=96&d=mm&r=g","caption":"J\u00f6rn"},"logo":{"@id":"https:\/\/secure.gravatar.com\/avatar\/1c321c0d55415d8ac6dd8b342f9dad4c59133aa59188eda3e1c7f465db671a1d?s=96&d=mm&r=g"}}]}},"jetpack_sharing_enabled":true,"jetpack_shortlink":"https:\/\/wp.me\/P9RLOX-8d","jetpack-related-posts":[],"_links":{"self":[{"href":"https:\/\/www.mueller-ferndorf.de\/index.php\/wp-json\/wp\/v2\/pages\/509","targetHints":{"allow":["GET"]}}],"collection":[{"href":"https:\/\/www.mueller-ferndorf.de\/index.php\/wp-json\/wp\/v2\/pages"}],"about":[{"href":"https:\/\/www.mueller-ferndorf.de\/index.php\/wp-json\/wp\/v2\/types\/page"}],"author":[{"embeddable":true,"href":"https:\/\/www.mueller-ferndorf.de\/index.php\/wp-json\/wp\/v2\/users\/1"}],"replies":[{"embeddable":true,"href":"https:\/\/www.mueller-ferndorf.de\/index.php\/wp-json\/wp\/v2\/comments?post=509"}],"version-history":[{"count":4,"href":"https:\/\/www.mueller-ferndorf.de\/index.php\/wp-json\/wp\/v2\/pages\/509\/revisions"}],"predecessor-version":[{"id":637,"href":"https:\/\/www.mueller-ferndorf.de\/index.php\/wp-json\/wp\/v2\/pages\/509\/revisions\/637"}],"up":[{"embeddable":true,"href":"https:\/\/www.mueller-ferndorf.de\/index.php\/wp-json\/wp\/v2\/pages\/284"}],"wp:attachment":[{"href":"https:\/\/www.mueller-ferndorf.de\/index.php\/wp-json\/wp\/v2\/media?parent=509"}],"curies":[{"name":"wp","href":"https:\/\/api.w.org\/{rel}","templated":true}]}}