{"id":6,"date":"2018-08-04T09:51:08","date_gmt":"2018-08-04T09:51:08","guid":{"rendered":"https:\/\/mueller-ferndorf.de\/?page_id=6"},"modified":"2019-11-05T13:43:53","modified_gmt":"2019-11-05T11:43:53","slug":"muellers-gartenblog","status":"publish","type":"page","link":"https:\/\/www.mueller-ferndorf.de\/","title":{"rendered":"Diy Gartengestaltung"},"content":{"rendered":"<p><a href=\"https:\/\/i0.wp.com\/mueller-ferndorf.de\/wp-content\/uploads\/2018\/04\/20160611_105058.jpg?ssl=1\"><img data-recalc-dims=\"1\" loading=\"lazy\" decoding=\"async\" data-attachment-id=\"60\" data-permalink=\"https:\/\/www.mueller-ferndorf.de\/index.php\/2018\/05\/27\/startschuss-zur-gartengestaltung-und-terassenbau\/20160611_105058\/\" data-orig-file=\"https:\/\/i0.wp.com\/www.mueller-ferndorf.de\/wp-content\/uploads\/2018\/04\/20160611_105058.jpg?fit=5312%2C2988&amp;ssl=1\" data-orig-size=\"5312,2988\" data-comments-opened=\"1\" data-image-meta=\"{&quot;aperture&quot;:&quot;2.2&quot;,&quot;credit&quot;:&quot;&quot;,&quot;camera&quot;:&quot;SM-G900F&quot;,&quot;caption&quot;:&quot;&quot;,&quot;created_timestamp&quot;:&quot;1465642258&quot;,&quot;copyright&quot;:&quot;&quot;,&quot;focal_length&quot;:&quot;4.8&quot;,&quot;iso&quot;:&quot;40&quot;,&quot;shutter_speed&quot;:&quot;0.0016666666666667&quot;,&quot;title&quot;:&quot;&quot;,&quot;orientation&quot;:&quot;1&quot;}\" data-image-title=\"20160611_105058\" data-image-description=\"\" data-image-caption=\"\" data-medium-file=\"https:\/\/i0.wp.com\/www.mueller-ferndorf.de\/wp-content\/uploads\/2018\/04\/20160611_105058.jpg?fit=300%2C169&amp;ssl=1\" data-large-file=\"https:\/\/i0.wp.com\/www.mueller-ferndorf.de\/wp-content\/uploads\/2018\/04\/20160611_105058.jpg?fit=640%2C360&amp;ssl=1\" class=\"wp-image-60 alignright\" src=\"https:\/\/i0.wp.com\/mueller-ferndorf.de\/wp-content\/uploads\/2018\/04\/20160611_105058-300x169.jpg?resize=351%2C198&#038;ssl=1\" alt=\"\" width=\"351\" height=\"198\" srcset=\"https:\/\/i0.wp.com\/www.mueller-ferndorf.de\/wp-content\/uploads\/2018\/04\/20160611_105058.jpg?resize=300%2C169&amp;ssl=1 300w, https:\/\/i0.wp.com\/www.mueller-ferndorf.de\/wp-content\/uploads\/2018\/04\/20160611_105058.jpg?resize=768%2C432&amp;ssl=1 768w, https:\/\/i0.wp.com\/www.mueller-ferndorf.de\/wp-content\/uploads\/2018\/04\/20160611_105058.jpg?resize=1024%2C576&amp;ssl=1 1024w, https:\/\/i0.wp.com\/www.mueller-ferndorf.de\/wp-content\/uploads\/2018\/04\/20160611_105058.jpg?w=1280&amp;ssl=1 1280w, https:\/\/i0.wp.com\/www.mueller-ferndorf.de\/wp-content\/uploads\/2018\/04\/20160611_105058.jpg?w=1920&amp;ssl=1 1920w\" sizes=\"auto, (max-width: 351px) 100vw, 351px\" \/><\/a>Herzlich Willkommen auf unserem Blog<\/p>\n<p>Im Jahr 2013 haben wir eine kleine Doppelhaush\u00e4lfte mit ca 600m\u00b2 Grundst\u00fcck erworben. In den ersten Jahren lag unser Fokus eher auf den Innenausbau unseres Hauses, und weniger auf unser noch ungeschliffenen Juwel, dem Garten.<\/p>\n<p>Hier m\u00f6chten wir ein wenig zeigen und auch Dokumentieren, wie sich unter anderem unser Garten entwickelt. Neben dem Garten wird es hier auch andere Bauberichte und Projekte geben, die sich bei uns im laufe der Zeit ergeben, und dann nat\u00fcrlich auch gel\u00f6st werden wollen.<\/p>\n<p>Neben dem Garten, welcher bei uns einen sehr hohen Stellenwert genie\u00dft, m\u00f6chten wir eine Au\u00dfenk\u00fcche im Stiel einer alten Englischen Ruine mit integriertem Pizzaofen bauen. Die Idee zum Pizzaofen kommt durch unseren Onkel, der bereits einen in seinem Garten stehen hat und die Design Idee kommt von <strong>Matze<\/strong> aus dem <a href=\"https:\/\/www.grillsportverein.de\/forum\/\" target=\"_blank\" rel=\"noopener noreferrer\">Grillsportverein<\/a>, welcher dort einen genialen <a href=\"https:\/\/www.grillsportverein.de\/forum\/threads\/bau-eines-folly-englische-ruine-mit-pizzaofen-grillkamin-kombination-und-foga.152374\/\" target=\"_blank\" rel=\"noopener noreferrer\">Baubericht<\/a> geschrieben hat.<\/p>\n<p>Die ein oder anderen eigenen technischen Entwicklungen wird es\u00a0 bestimmt auch geben, welche dann nat\u00fcrlich auch hier dokumentiert werden. Unser Haus ist Gro\u00dfteils schon ein\u00a0 &#8222;Smart Home&#8220; und wird auch immer mehr smarter gemacht. Dann muss nat\u00fcrlich auch der Garten ein &#8222;Smart Garden&#8220; werden, in welchem Umfang das passiert sind wir uns noch nicht ganz einig, aber viele Informationen aus dem Garten sollten zumindest erstmal Informativ gemeldet werden.Die Aufbereitung und sp\u00e4tere automatische Verarbeitung kommt dann zu einem sp\u00e4teren Zeitpunkt.<\/p>\n<p><a href=\"https:\/\/i0.wp.com\/mueller-ferndorf.de\/wp-content\/uploads\/2018\/07\/IMG_20180731_180430.jpg?ssl=1\"><img data-recalc-dims=\"1\" loading=\"lazy\" decoding=\"async\" data-attachment-id=\"239\" data-permalink=\"https:\/\/www.mueller-ferndorf.de\/?attachment_id=239\" data-orig-file=\"https:\/\/i0.wp.com\/www.mueller-ferndorf.de\/wp-content\/uploads\/2018\/07\/IMG_20180731_180430.jpg?fit=3968%2C2976&amp;ssl=1\" data-orig-size=\"3968,2976\" data-comments-opened=\"1\" data-image-meta=\"{&quot;aperture&quot;:&quot;2.2&quot;,&quot;credit&quot;:&quot;&quot;,&quot;camera&quot;:&quot;EVA-L09&quot;,&quot;caption&quot;:&quot;cof&quot;,&quot;created_timestamp&quot;:&quot;1533060272&quot;,&quot;copyright&quot;:&quot;&quot;,&quot;focal_length&quot;:&quot;4.5&quot;,&quot;iso&quot;:&quot;200&quot;,&quot;shutter_speed&quot;:&quot;0.016667&quot;,&quot;title&quot;:&quot;cof&quot;,&quot;orientation&quot;:&quot;0&quot;}\" data-image-title=\"IMG_20180731_180430.jpg\" data-image-description=\"\" data-image-caption=\"\" data-medium-file=\"https:\/\/i0.wp.com\/www.mueller-ferndorf.de\/wp-content\/uploads\/2018\/07\/IMG_20180731_180430.jpg?fit=300%2C225&amp;ssl=1\" data-large-file=\"https:\/\/i0.wp.com\/www.mueller-ferndorf.de\/wp-content\/uploads\/2018\/07\/IMG_20180731_180430.jpg?fit=640%2C480&amp;ssl=1\" class=\"size-medium wp-image-239 alignleft\" src=\"https:\/\/i0.wp.com\/mueller-ferndorf.de\/wp-content\/uploads\/2018\/07\/IMG_20180731_180430-300x225.jpg?resize=300%2C225&#038;ssl=1\" alt=\"\" width=\"300\" height=\"225\" srcset=\"https:\/\/i0.wp.com\/www.mueller-ferndorf.de\/wp-content\/uploads\/2018\/07\/IMG_20180731_180430.jpg?resize=300%2C225&amp;ssl=1 300w, https:\/\/i0.wp.com\/www.mueller-ferndorf.de\/wp-content\/uploads\/2018\/07\/IMG_20180731_180430.jpg?resize=768%2C576&amp;ssl=1 768w, https:\/\/i0.wp.com\/www.mueller-ferndorf.de\/wp-content\/uploads\/2018\/07\/IMG_20180731_180430.jpg?resize=1024%2C768&amp;ssl=1 1024w, https:\/\/i0.wp.com\/www.mueller-ferndorf.de\/wp-content\/uploads\/2018\/07\/IMG_20180731_180430.jpg?resize=360%2C270&amp;ssl=1 360w, https:\/\/i0.wp.com\/www.mueller-ferndorf.de\/wp-content\/uploads\/2018\/07\/IMG_20180731_180430.jpg?w=1280&amp;ssl=1 1280w, https:\/\/i0.wp.com\/www.mueller-ferndorf.de\/wp-content\/uploads\/2018\/07\/IMG_20180731_180430.jpg?w=1920&amp;ssl=1 1920w\" sizes=\"auto, (max-width: 300px) 100vw, 300px\" \/><\/a>Wenn sich die Zeit findet, m\u00f6chten wir zus\u00e4tzlich Rezepte, welche wir aus unserem selbst angebauten Gem\u00fcse und Obst zubereiten, testen, probieren und wenn sie uns schmecken hier ver\u00f6ffentlichen und allen anderen die M\u00f6glichkeit zum nach kochen geben. Wenn man sich anschaut, was in unserem Hochbeet alles w\u00e4chst und gedeiht, m\u00f6chte man liebend gerne sofort los Kochen.<\/p>\n<p>ABER, erst m\u00fcssen wir ein bisschen bauen und gestalten, damit wir dann zum Vergn\u00fcgen kommen k\u00f6nnen, in Form von Kochen, Backen, Grillen und gem\u00fctlicher Zeit mit Freunden und Familie in und um unser Haus.<\/p>\n","protected":false},"excerpt":{"rendered":"<p>Herzlich Willkommen auf unserem Blog Im Jahr 2013 haben wir eine kleine Doppelhaush\u00e4lfte mit ca 600m\u00b2 Grundst\u00fcck erworben. In den ersten Jahren lag unser Fokus eher auf den Innenausbau unseres Hauses, und weniger auf unser noch ungeschliffenen Juwel, dem Garten. Hier m\u00f6chten wir ein wenig zeigen und auch Dokumentieren, wie sich unter anderem unser Garten entwickelt. Neben dem Garten wird es hier auch andere Bauberichte und Projekte geben, die sich bei uns im laufe der Zeit ergeben, und dann nat\u00fcrlich&#8230;<\/p>\n<p class=\"read-more\"><a class=\"btn btn-default\" href=\"https:\/\/www.mueller-ferndorf.de\/\">Weiterlesen<span class=\"screen-reader-text\"> Weiterlesen<\/span><\/a><\/p>\n","protected":false},"author":1,"featured_media":0,"parent":0,"menu_order":0,"comment_status":"closed","ping_status":"closed","template":"","meta":{"wprm-recipe-roundup-name":"","wprm-recipe-roundup-description":"","jetpack_post_was_ever_published":false,"footnotes":""},"class_list":["post-6","page","type-page","status-publish","hentry"],"yoast_head":"<!-- This site is optimized with the Yoast SEO plugin v27.3 - https:\/\/yoast.com\/product\/yoast-seo-wordpress\/ -->\n<title>Diy Gartengestaltung - M\u00fcllers Blog<\/title>\n<meta name=\"robots\" content=\"noindex, follow\" \/>\n<meta property=\"og:locale\" content=\"de_DE\" \/>\n<meta property=\"og:type\" content=\"article\" \/>\n<meta property=\"og:title\" content=\"Diy Gartengestaltung - M\u00fcllers Blog\" \/>\n<meta property=\"og:description\" content=\"Herzlich Willkommen auf unserem Blog Im Jahr 2013 haben wir eine kleine Doppelhaush\u00e4lfte mit ca 600m\u00b2 Grundst\u00fcck erworben. In den ersten Jahren lag unser Fokus eher auf den Innenausbau unseres Hauses, und weniger auf unser noch ungeschliffenen Juwel, dem Garten. Hier m\u00f6chten wir ein wenig zeigen und auch Dokumentieren, wie sich unter anderem unser Garten entwickelt. Neben dem Garten wird es hier auch andere Bauberichte und Projekte geben, die sich bei uns im laufe der Zeit ergeben, und dann nat\u00fcrlich...Weiterlesen Weiterlesen\" \/>\n<meta property=\"og:url\" content=\"https:\/\/www.mueller-ferndorf.de\/\" \/>\n<meta property=\"og:site_name\" content=\"M\u00fcllers Blog\" \/>\n<meta property=\"article:modified_time\" content=\"2019-11-05T11:43:53+00:00\" \/>\n<meta property=\"og:image\" content=\"https:\/\/mueller-ferndorf.de\/wp-content\/uploads\/2018\/04\/20160611_105058-300x169.jpg\" \/>\n<meta name=\"twitter:card\" content=\"summary_large_image\" \/>\n<meta name=\"twitter:label1\" content=\"Gesch\u00e4tzte Lesezeit\" \/>\n\t<meta name=\"twitter:data1\" content=\"2\u00a0Minuten\" \/>\n<script type=\"application\/ld+json\" class=\"yoast-schema-graph\">{\"@context\":\"https:\\\/\\\/schema.org\",\"@graph\":[{\"@type\":\"WebPage\",\"@id\":\"https:\\\/\\\/www.mueller-ferndorf.de\\\/\",\"url\":\"https:\\\/\\\/www.mueller-ferndorf.de\\\/\",\"name\":\"Diy Gartengestaltung - M\u00fcllers Blog\",\"isPartOf\":{\"@id\":\"https:\\\/\\\/www.mueller-ferndorf.de\\\/#website\"},\"primaryImageOfPage\":{\"@id\":\"https:\\\/\\\/www.mueller-ferndorf.de\\\/#primaryimage\"},\"image\":{\"@id\":\"https:\\\/\\\/www.mueller-ferndorf.de\\\/#primaryimage\"},\"thumbnailUrl\":\"https:\\\/\\\/mueller-ferndorf.de\\\/wp-content\\\/uploads\\\/2018\\\/04\\\/20160611_105058-300x169.jpg\",\"datePublished\":\"2018-08-04T09:51:08+00:00\",\"dateModified\":\"2019-11-05T11:43:53+00:00\",\"breadcrumb\":{\"@id\":\"https:\\\/\\\/www.mueller-ferndorf.de\\\/#breadcrumb\"},\"inLanguage\":\"de\",\"potentialAction\":[{\"@type\":\"ReadAction\",\"target\":[\"https:\\\/\\\/www.mueller-ferndorf.de\\\/\"]}]},{\"@type\":\"ImageObject\",\"inLanguage\":\"de\",\"@id\":\"https:\\\/\\\/www.mueller-ferndorf.de\\\/#primaryimage\",\"url\":\"https:\\\/\\\/mueller-ferndorf.de\\\/wp-content\\\/uploads\\\/2018\\\/04\\\/20160611_105058-300x169.jpg\",\"contentUrl\":\"https:\\\/\\\/mueller-ferndorf.de\\\/wp-content\\\/uploads\\\/2018\\\/04\\\/20160611_105058-300x169.jpg\"},{\"@type\":\"BreadcrumbList\",\"@id\":\"https:\\\/\\\/www.mueller-ferndorf.de\\\/#breadcrumb\",\"itemListElement\":[{\"@type\":\"ListItem\",\"position\":1,\"name\":\"Home\",\"item\":\"https:\\\/\\\/www.mueller-ferndorf.de\\\/\"},{\"@type\":\"ListItem\",\"position\":2,\"name\":\"Diy Gartengestaltung\"}]},{\"@type\":\"WebSite\",\"@id\":\"https:\\\/\\\/www.mueller-ferndorf.de\\\/#website\",\"url\":\"https:\\\/\\\/www.mueller-ferndorf.de\\\/\",\"name\":\"M\u00fcllers Blog\",\"description\":\"Geschichten aus dem Leben\",\"publisher\":{\"@id\":\"https:\\\/\\\/www.mueller-ferndorf.de\\\/#\\\/schema\\\/person\\\/cfb002fca135b8b1026bc50221c031f9\"},\"potentialAction\":[{\"@type\":\"SearchAction\",\"target\":{\"@type\":\"EntryPoint\",\"urlTemplate\":\"https:\\\/\\\/www.mueller-ferndorf.de\\\/?s={search_term_string}\"},\"query-input\":{\"@type\":\"PropertyValueSpecification\",\"valueRequired\":true,\"valueName\":\"search_term_string\"}}],\"inLanguage\":\"de\"},{\"@type\":[\"Person\",\"Organization\"],\"@id\":\"https:\\\/\\\/www.mueller-ferndorf.de\\\/#\\\/schema\\\/person\\\/cfb002fca135b8b1026bc50221c031f9\",\"name\":\"J\u00f6rn\",\"image\":{\"@type\":\"ImageObject\",\"inLanguage\":\"de\",\"@id\":\"https:\\\/\\\/secure.gravatar.com\\\/avatar\\\/1c321c0d55415d8ac6dd8b342f9dad4c59133aa59188eda3e1c7f465db671a1d?s=96&d=mm&r=g\",\"url\":\"https:\\\/\\\/secure.gravatar.com\\\/avatar\\\/1c321c0d55415d8ac6dd8b342f9dad4c59133aa59188eda3e1c7f465db671a1d?s=96&d=mm&r=g\",\"contentUrl\":\"https:\\\/\\\/secure.gravatar.com\\\/avatar\\\/1c321c0d55415d8ac6dd8b342f9dad4c59133aa59188eda3e1c7f465db671a1d?s=96&d=mm&r=g\",\"caption\":\"J\u00f6rn\"},\"logo\":{\"@id\":\"https:\\\/\\\/secure.gravatar.com\\\/avatar\\\/1c321c0d55415d8ac6dd8b342f9dad4c59133aa59188eda3e1c7f465db671a1d?s=96&d=mm&r=g\"}}]}<\/script>\n<!-- \/ Yoast SEO plugin. -->","yoast_head_json":{"title":"Diy Gartengestaltung - M\u00fcllers Blog","robots":{"index":"noindex","follow":"follow"},"og_locale":"de_DE","og_type":"article","og_title":"Diy Gartengestaltung - M\u00fcllers Blog","og_description":"Herzlich Willkommen auf unserem Blog Im Jahr 2013 haben wir eine kleine Doppelhaush\u00e4lfte mit ca 600m\u00b2 Grundst\u00fcck erworben. In den ersten Jahren lag unser Fokus eher auf den Innenausbau unseres Hauses, und weniger auf unser noch ungeschliffenen Juwel, dem Garten. Hier m\u00f6chten wir ein wenig zeigen und auch Dokumentieren, wie sich unter anderem unser Garten entwickelt. Neben dem Garten wird es hier auch andere Bauberichte und Projekte geben, die sich bei uns im laufe der Zeit ergeben, und dann nat\u00fcrlich...Weiterlesen Weiterlesen","og_url":"https:\/\/www.mueller-ferndorf.de\/","og_site_name":"M\u00fcllers Blog","article_modified_time":"2019-11-05T11:43:53+00:00","og_image":[{"url":"https:\/\/mueller-ferndorf.de\/wp-content\/uploads\/2018\/04\/20160611_105058-300x169.jpg","type":"","width":"","height":""}],"twitter_card":"summary_large_image","twitter_misc":{"Gesch\u00e4tzte Lesezeit":"2\u00a0Minuten"},"schema":{"@context":"https:\/\/schema.org","@graph":[{"@type":"WebPage","@id":"https:\/\/www.mueller-ferndorf.de\/","url":"https:\/\/www.mueller-ferndorf.de\/","name":"Diy Gartengestaltung - M\u00fcllers Blog","isPartOf":{"@id":"https:\/\/www.mueller-ferndorf.de\/#website"},"primaryImageOfPage":{"@id":"https:\/\/www.mueller-ferndorf.de\/#primaryimage"},"image":{"@id":"https:\/\/www.mueller-ferndorf.de\/#primaryimage"},"thumbnailUrl":"https:\/\/mueller-ferndorf.de\/wp-content\/uploads\/2018\/04\/20160611_105058-300x169.jpg","datePublished":"2018-08-04T09:51:08+00:00","dateModified":"2019-11-05T11:43:53+00:00","breadcrumb":{"@id":"https:\/\/www.mueller-ferndorf.de\/#breadcrumb"},"inLanguage":"de","potentialAction":[{"@type":"ReadAction","target":["https:\/\/www.mueller-ferndorf.de\/"]}]},{"@type":"ImageObject","inLanguage":"de","@id":"https:\/\/www.mueller-ferndorf.de\/#primaryimage","url":"https:\/\/mueller-ferndorf.de\/wp-content\/uploads\/2018\/04\/20160611_105058-300x169.jpg","contentUrl":"https:\/\/mueller-ferndorf.de\/wp-content\/uploads\/2018\/04\/20160611_105058-300x169.jpg"},{"@type":"BreadcrumbList","@id":"https:\/\/www.mueller-ferndorf.de\/#breadcrumb","itemListElement":[{"@type":"ListItem","position":1,"name":"Home","item":"https:\/\/www.mueller-ferndorf.de\/"},{"@type":"ListItem","position":2,"name":"Diy Gartengestaltung"}]},{"@type":"WebSite","@id":"https:\/\/www.mueller-ferndorf.de\/#website","url":"https:\/\/www.mueller-ferndorf.de\/","name":"M\u00fcllers Blog","description":"Geschichten aus dem Leben","publisher":{"@id":"https:\/\/www.mueller-ferndorf.de\/#\/schema\/person\/cfb002fca135b8b1026bc50221c031f9"},"potentialAction":[{"@type":"SearchAction","target":{"@type":"EntryPoint","urlTemplate":"https:\/\/www.mueller-ferndorf.de\/?s={search_term_string}"},"query-input":{"@type":"PropertyValueSpecification","valueRequired":true,"valueName":"search_term_string"}}],"inLanguage":"de"},{"@type":["Person","Organization"],"@id":"https:\/\/www.mueller-ferndorf.de\/#\/schema\/person\/cfb002fca135b8b1026bc50221c031f9","name":"J\u00f6rn","image":{"@type":"ImageObject","inLanguage":"de","@id":"https:\/\/secure.gravatar.com\/avatar\/1c321c0d55415d8ac6dd8b342f9dad4c59133aa59188eda3e1c7f465db671a1d?s=96&d=mm&r=g","url":"https:\/\/secure.gravatar.com\/avatar\/1c321c0d55415d8ac6dd8b342f9dad4c59133aa59188eda3e1c7f465db671a1d?s=96&d=mm&r=g","contentUrl":"https:\/\/secure.gravatar.com\/avatar\/1c321c0d55415d8ac6dd8b342f9dad4c59133aa59188eda3e1c7f465db671a1d?s=96&d=mm&r=g","caption":"J\u00f6rn"},"logo":{"@id":"https:\/\/secure.gravatar.com\/avatar\/1c321c0d55415d8ac6dd8b342f9dad4c59133aa59188eda3e1c7f465db671a1d?s=96&d=mm&r=g"}}]}},"jetpack_sharing_enabled":true,"jetpack_shortlink":"https:\/\/wp.me\/P9RLOX-6","jetpack-related-posts":[],"_links":{"self":[{"href":"https:\/\/www.mueller-ferndorf.de\/index.php\/wp-json\/wp\/v2\/pages\/6","targetHints":{"allow":["GET"]}}],"collection":[{"href":"https:\/\/www.mueller-ferndorf.de\/index.php\/wp-json\/wp\/v2\/pages"}],"about":[{"href":"https:\/\/www.mueller-ferndorf.de\/index.php\/wp-json\/wp\/v2\/types\/page"}],"author":[{"embeddable":true,"href":"https:\/\/www.mueller-ferndorf.de\/index.php\/wp-json\/wp\/v2\/users\/1"}],"replies":[{"embeddable":true,"href":"https:\/\/www.mueller-ferndorf.de\/index.php\/wp-json\/wp\/v2\/comments?post=6"}],"version-history":[{"count":17,"href":"https:\/\/www.mueller-ferndorf.de\/index.php\/wp-json\/wp\/v2\/pages\/6\/revisions"}],"predecessor-version":[{"id":466,"href":"https:\/\/www.mueller-ferndorf.de\/index.php\/wp-json\/wp\/v2\/pages\/6\/revisions\/466"}],"wp:attachment":[{"href":"https:\/\/www.mueller-ferndorf.de\/index.php\/wp-json\/wp\/v2\/media?parent=6"}],"curies":[{"name":"wp","href":"https:\/\/api.w.org\/{rel}","templated":true}]}}